{"id":2,"date":"2019-06-05T08:42:00","date_gmt":"2019-06-05T08:42:00","guid":{"rendered":"http:\/\/avocatconsult.ro\/?page_id=2"},"modified":"2019-06-07T08:39:11","modified_gmt":"2019-06-07T08:39:11","slug":"sample-page","status":"publish","type":"page","link":"https:\/\/www.avocatconsult.ro\/","title":{"rendered":"Cabinet avocat IASI"},"content":{"rendered":"\n<p>Cabinetul de avocatur\u0103 Avocat Cristina Farca\u0219 ofer\u0103&nbsp;asisten\u0163\u0103, consultan\u0163\u0103&nbsp;\u015fi reprezentare juridic\u0103 \u00een dreptul civil, dreptul penal, dreptul muncii, dreptul familiei, dreptul comercial \u015fi societar, dreptul administrativ \u015fi fiscal. <\/p>\n","protected":false},"excerpt":{"rendered":"<p>Cabinetul de avocatur\u0103 Avocat Cristina Farca\u0219 ofer\u0103&nbsp;asisten\u0163\u0103, consultan\u0163\u0103&nbsp;\u015fi reprezentare juridic\u0103 \u00een dreptul civil, dreptul penal, dreptul muncii, dreptul familiei, dreptul comercial \u015fi societar, dreptul administrativ \u015fi fiscal.<\/p>\n","protected":false},"author":1,"featured_media":20,"parent":0,"menu_order":0,"comment_status":"closed","ping_status":"open","template":"","meta":{"footnotes":""},"class_list":["post-2","page","type-page","status-publish","has-post-thumbnail","hentry","grid-sizer"],"yoast_head":"<!-- This site is optimized with the Yoast SEO plugin v27.5 - https:\/\/yoast.com\/product\/yoast-seo-wordpress\/ -->\n<title>Cabinet avocat IASI - Cristina Farcas<\/title>\n<meta name=\"robots\" content=\"index, follow, max-snippet:-1, max-image-preview:large, max-video-preview:-1\" \/>\n<link rel=\"canonical\" href=\"https:\/\/www.avocatconsult.ro\/\" \/>\n<meta property=\"og:locale\" content=\"ro_RO\" \/>\n<meta property=\"og:type\" content=\"article\" \/>\n<meta property=\"og:title\" content=\"Cabinet avocat IASI - Cristina Farcas\" \/>\n<meta property=\"og:description\" content=\"Cabinetul de avocatur\u0103 Avocat Cristina Farca\u0219 ofer\u0103&nbsp;asisten\u0163\u0103, consultan\u0163\u0103&nbsp;\u015fi reprezentare juridic\u0103 \u00een dreptul civil, dreptul penal, dreptul muncii, dreptul familiei, dreptul comercial \u015fi societar, dreptul administrativ \u015fi fiscal.\" \/>\n<meta property=\"og:url\" content=\"https:\/\/www.avocatconsult.ro\/\" \/>\n<meta property=\"og:site_name\" content=\"Cristina Farcas\" \/>\n<meta property=\"article:modified_time\" content=\"2019-06-07T08:39:11+00:00\" \/>\n<meta property=\"og:image\" content=\"https:\/\/www.avocatconsult.ro\/wp-content\/uploads\/2019\/06\/the-labour-code-3520806_1280-e1559806498584.jpg\" \/>\n\t<meta property=\"og:image:width\" content=\"900\" \/>\n\t<meta property=\"og:image:height\" content=\"506\" \/>\n\t<meta property=\"og:image:type\" content=\"image\/jpeg\" \/>\n<meta name=\"twitter:card\" content=\"summary_large_image\" \/>\n<script type=\"application\/ld+json\" class=\"yoast-schema-graph\">{\"@context\":\"https:\\\/\\\/schema.org\",\"@graph\":[{\"@type\":\"WebPage\",\"@id\":\"https:\\\/\\\/www.avocatconsult.ro\\\/\",\"url\":\"https:\\\/\\\/www.avocatconsult.ro\\\/\",\"name\":\"Cabinet avocat IASI - Cristina Farcas\",\"isPartOf\":{\"@id\":\"https:\\\/\\\/www.avocatconsult.ro\\\/#website\"},\"primaryImageOfPage\":{\"@id\":\"https:\\\/\\\/www.avocatconsult.ro\\\/#primaryimage\"},\"image\":{\"@id\":\"https:\\\/\\\/www.avocatconsult.ro\\\/#primaryimage\"},\"thumbnailUrl\":\"https:\\\/\\\/www.avocatconsult.ro\\\/wp-content\\\/uploads\\\/2019\\\/06\\\/the-labour-code-3520806_1280-e1559806498584.jpg\",\"datePublished\":\"2019-06-05T08:42:00+00:00\",\"dateModified\":\"2019-06-07T08:39:11+00:00\",\"breadcrumb\":{\"@id\":\"https:\\\/\\\/www.avocatconsult.ro\\\/#breadcrumb\"},\"inLanguage\":\"ro-RO\",\"potentialAction\":[{\"@type\":\"ReadAction\",\"target\":[\"https:\\\/\\\/www.avocatconsult.ro\\\/\"]}]},{\"@type\":\"ImageObject\",\"inLanguage\":\"ro-RO\",\"@id\":\"https:\\\/\\\/www.avocatconsult.ro\\\/#primaryimage\",\"url\":\"https:\\\/\\\/www.avocatconsult.ro\\\/wp-content\\\/uploads\\\/2019\\\/06\\\/the-labour-code-3520806_1280-e1559806498584.jpg\",\"contentUrl\":\"https:\\\/\\\/www.avocatconsult.ro\\\/wp-content\\\/uploads\\\/2019\\\/06\\\/the-labour-code-3520806_1280-e1559806498584.jpg\",\"width\":900,\"height\":506},{\"@type\":\"BreadcrumbList\",\"@id\":\"https:\\\/\\\/www.avocatconsult.ro\\\/#breadcrumb\",\"itemListElement\":[{\"@type\":\"ListItem\",\"position\":1,\"name\":\"Home\",\"item\":\"https:\\\/\\\/www.avocatconsult.ro\\\/\"},{\"@type\":\"ListItem\",\"position\":2,\"name\":\"Cabinet avocat IASI\"}]},{\"@type\":\"WebSite\",\"@id\":\"https:\\\/\\\/www.avocatconsult.ro\\\/#website\",\"url\":\"https:\\\/\\\/www.avocatconsult.ro\\\/\",\"name\":\"Cristina Farcas\",\"description\":\"Cabinet de avocat Iasi\",\"potentialAction\":[{\"@type\":\"SearchAction\",\"target\":{\"@type\":\"EntryPoint\",\"urlTemplate\":\"https:\\\/\\\/www.avocatconsult.ro\\\/?s={search_term_string}\"},\"query-input\":{\"@type\":\"PropertyValueSpecification\",\"valueRequired\":true,\"valueName\":\"search_term_string\"}}],\"inLanguage\":\"ro-RO\"}]}<\/script>\n<!-- \/ Yoast SEO plugin. -->","yoast_head_json":{"title":"Cabinet avocat IASI - Cristina Farcas","robots":{"index":"index","follow":"follow","max-snippet":"max-snippet:-1","max-image-preview":"max-image-preview:large","max-video-preview":"max-video-preview:-1"},"canonical":"https:\/\/www.avocatconsult.ro\/","og_locale":"ro_RO","og_type":"article","og_title":"Cabinet avocat IASI - Cristina Farcas","og_description":"Cabinetul de avocatur\u0103 Avocat Cristina Farca\u0219 ofer\u0103&nbsp;asisten\u0163\u0103, consultan\u0163\u0103&nbsp;\u015fi reprezentare juridic\u0103 \u00een dreptul civil, dreptul penal, dreptul muncii, dreptul familiei, dreptul comercial \u015fi societar, dreptul administrativ \u015fi fiscal.","og_url":"https:\/\/www.avocatconsult.ro\/","og_site_name":"Cristina Farcas","article_modified_time":"2019-06-07T08:39:11+00:00","og_image":[{"width":900,"height":506,"url":"https:\/\/www.avocatconsult.ro\/wp-content\/uploads\/2019\/06\/the-labour-code-3520806_1280-e1559806498584.jpg","type":"image\/jpeg"}],"twitter_card":"summary_large_image","schema":{"@context":"https:\/\/schema.org","@graph":[{"@type":"WebPage","@id":"https:\/\/www.avocatconsult.ro\/","url":"https:\/\/www.avocatconsult.ro\/","name":"Cabinet avocat IASI - Cristina Farcas","isPartOf":{"@id":"https:\/\/www.avocatconsult.ro\/#website"},"primaryImageOfPage":{"@id":"https:\/\/www.avocatconsult.ro\/#primaryimage"},"image":{"@id":"https:\/\/www.avocatconsult.ro\/#primaryimage"},"thumbnailUrl":"https:\/\/www.avocatconsult.ro\/wp-content\/uploads\/2019\/06\/the-labour-code-3520806_1280-e1559806498584.jpg","datePublished":"2019-06-05T08:42:00+00:00","dateModified":"2019-06-07T08:39:11+00:00","breadcrumb":{"@id":"https:\/\/www.avocatconsult.ro\/#breadcrumb"},"inLanguage":"ro-RO","potentialAction":[{"@type":"ReadAction","target":["https:\/\/www.avocatconsult.ro\/"]}]},{"@type":"ImageObject","inLanguage":"ro-RO","@id":"https:\/\/www.avocatconsult.ro\/#primaryimage","url":"https:\/\/www.avocatconsult.ro\/wp-content\/uploads\/2019\/06\/the-labour-code-3520806_1280-e1559806498584.jpg","contentUrl":"https:\/\/www.avocatconsult.ro\/wp-content\/uploads\/2019\/06\/the-labour-code-3520806_1280-e1559806498584.jpg","width":900,"height":506},{"@type":"BreadcrumbList","@id":"https:\/\/www.avocatconsult.ro\/#breadcrumb","itemListElement":[{"@type":"ListItem","position":1,"name":"Home","item":"https:\/\/www.avocatconsult.ro\/"},{"@type":"ListItem","position":2,"name":"Cabinet avocat IASI"}]},{"@type":"WebSite","@id":"https:\/\/www.avocatconsult.ro\/#website","url":"https:\/\/www.avocatconsult.ro\/","name":"Cristina Farcas","description":"Cabinet de avocat Iasi","potentialAction":[{"@type":"SearchAction","target":{"@type":"EntryPoint","urlTemplate":"https:\/\/www.avocatconsult.ro\/?s={search_term_string}"},"query-input":{"@type":"PropertyValueSpecification","valueRequired":true,"valueName":"search_term_string"}}],"inLanguage":"ro-RO"}]}},"_links":{"self":[{"href":"https:\/\/www.avocatconsult.ro\/index.php\/wp-json\/wp\/v2\/pages\/2","targetHints":{"allow":["GET"]}}],"collection":[{"href":"https:\/\/www.avocatconsult.ro\/index.php\/wp-json\/wp\/v2\/pages"}],"about":[{"href":"https:\/\/www.avocatconsult.ro\/index.php\/wp-json\/wp\/v2\/types\/page"}],"author":[{"embeddable":true,"href":"https:\/\/www.avocatconsult.ro\/index.php\/wp-json\/wp\/v2\/users\/1"}],"replies":[{"embeddable":true,"href":"https:\/\/www.avocatconsult.ro\/index.php\/wp-json\/wp\/v2\/comments?post=2"}],"version-history":[{"count":8,"href":"https:\/\/www.avocatconsult.ro\/index.php\/wp-json\/wp\/v2\/pages\/2\/revisions"}],"predecessor-version":[{"id":118,"href":"https:\/\/www.avocatconsult.ro\/index.php\/wp-json\/wp\/v2\/pages\/2\/revisions\/118"}],"wp:featuredmedia":[{"embeddable":true,"href":"https:\/\/www.avocatconsult.ro\/index.php\/wp-json\/wp\/v2\/media\/20"}],"wp:attachment":[{"href":"https:\/\/www.avocatconsult.ro\/index.php\/wp-json\/wp\/v2\/media?parent=2"}],"curies":[{"name":"wp","href":"https:\/\/api.w.org\/{rel}","templated":true}]}}